{"id":4126,"date":"2025-05-28T09:30:57","date_gmt":"2025-05-28T09:30:57","guid":{"rendered":"https:\/\/geoparquecostaquebrada.com\/reseau-de-partenaires\/"},"modified":"2026-01-16T18:41:48","modified_gmt":"2026-01-16T18:41:48","slug":"reseau-de-partenaires","status":"publish","type":"page","link":"https:\/\/geoparquecostaquebrada.com\/fr\/reseau-de-partenaires\/","title":{"rendered":"R\u00e9seau de partenaires"},"content":{"rendered":"<h3>PARTICIPER<\/h3>\n<p> Si vous souhaitez rejoindre l\u2019Association Costa Quebrada, il vous suffit de r\u00e9gler la cotisation annuelle. Ce paiement vaut \u00e9galement demande d\u2019adh\u00e9sion. Une fois les donn\u00e9es personnelles li\u00e9es \u00e0 votre cotisation re\u00e7ues, le Conseil d\u2019administration validera officiellement votre statut de membre, ce qui vous permettra de participer aux prochaines r\u00e9unions, \u00e9v\u00e9nements ou assembl\u00e9es des adh\u00e9rents. Nous serons ravis de vous accueillir ! <\/p>\n<h3>L\u2019ASSOCIATION COSTA QUEBRADA<\/h3>\n<ul>\n<li>L\u2019Association Costa Quebrada a \u00e9t\u00e9 l\u00e9galement constitu\u00e9e en 2003 afin de formaliser un collectif citoyen \u2014 le Groupe pour la r\u00e9cup\u00e9ration de Costa Quebrada \u2014 cr\u00e9\u00e9 \u00e0 la fin de l\u2019ann\u00e9e 2002 en r\u00e9action \u00e0 la mar\u00e9e noire du Prestige.<\/li>\n<li>Elle est inscrite au Registre des associations de Cantabrie sous le num\u00e9ro 3383.<\/li>\n<li>Elle figure \u00e9galement au registre municipal de Santa Cruz de Bezana.<\/li>\n<li>Ses objectifs statutaires sont la protection et la valorisation du littoral cantabrique, et en particulier de la zone connue sous le nom de Costa Quebrada.<\/li>\n<li>Le Conseil d\u2019administration est compos\u00e9 d\u2019une Pr\u00e9sidence, d\u2019une Vice-pr\u00e9sidence et d\u2019un Secr\u00e9tariat-Tr\u00e9sorerie.<\/li>\n<li>Les membres du Conseil d\u2019administration, d\u00e9sign\u00e9s par l\u2019Assembl\u00e9e g\u00e9n\u00e9rale, exercent leurs fonctions \u00e0 titre b\u00e9n\u00e9vole et ne per\u00e7oivent aucune r\u00e9mun\u00e9ration pour leurs missions statutaires.<\/li>\n<li>Fond\u00e9e d\u00e8s l\u2019origine sur le b\u00e9n\u00e9volat, l\u2019association dispose \u00e9galement d\u2019une \u00e9quipe technique en charge des activit\u00e9s les plus exigeantes en termes de travail et de responsabilit\u00e9s.<\/li>\n<li>Les d\u00e9penses de personnel et de mat\u00e9riel sont financ\u00e9es par des conventions et accords, ainsi que par diverses initiatives d\u2019autofinancement, permettant de maintenir la structure de gestion et de couvrir les frais li\u00e9s aux activit\u00e9s.<\/li>\n<li>L\u2019\u00e9quipe technique est organis\u00e9e en domaines de travail, chacun supervis\u00e9 par au moins une personne responsable.<\/li>\n<\/ul>\n","protected":false},"excerpt":{"rendered":"<p>PARTICIPER Si vous souhaitez rejoindre l\u2019Association Costa Quebrada, il vous suffit de r\u00e9gler la cotisation annuelle. Ce paiement vaut \u00e9galement demande d\u2019adh\u00e9sion. Une fois les donn\u00e9es personnelles li\u00e9es \u00e0 votre&#8230;<\/p>\n","protected":false},"author":1,"featured_media":0,"parent":0,"menu_order":0,"comment_status":"closed","ping_status":"closed","template":"","meta":{"footnotes":""},"class_list":["post-4126","page","type-page","status-publish"],"_links":{"self":[{"href":"https:\/\/geoparquecostaquebrada.com\/fr\/wp-json\/wp\/v2\/pages\/4126","targetHints":{"allow":["GET"]}}],"collection":[{"href":"https:\/\/geoparquecostaquebrada.com\/fr\/wp-json\/wp\/v2\/pages"}],"about":[{"href":"https:\/\/geoparquecostaquebrada.com\/fr\/wp-json\/wp\/v2\/types\/page"}],"author":[{"embeddable":true,"href":"https:\/\/geoparquecostaquebrada.com\/fr\/wp-json\/wp\/v2\/users\/1"}],"replies":[{"embeddable":true,"href":"https:\/\/geoparquecostaquebrada.com\/fr\/wp-json\/wp\/v2\/comments?post=4126"}],"version-history":[{"count":1,"href":"https:\/\/geoparquecostaquebrada.com\/fr\/wp-json\/wp\/v2\/pages\/4126\/revisions"}],"predecessor-version":[{"id":4190,"href":"https:\/\/geoparquecostaquebrada.com\/fr\/wp-json\/wp\/v2\/pages\/4126\/revisions\/4190"}],"wp:attachment":[{"href":"https:\/\/geoparquecostaquebrada.com\/fr\/wp-json\/wp\/v2\/media?parent=4126"}],"curies":[{"name":"wp","href":"https:\/\/api.w.org\/{rel}","templated":true}]}}