{"id":4300,"date":"2024-06-05T07:17:18","date_gmt":"2024-06-05T07:17:18","guid":{"rendered":"https:\/\/geoparquecostaquebrada.com\/costa-quebrada-geopark\/publications\/"},"modified":"2024-06-05T07:17:18","modified_gmt":"2024-06-05T07:17:18","slug":"publications","status":"publish","type":"page","link":"https:\/\/geoparquecostaquebrada.com\/en\/costa-quebrada-geopark\/publications\/","title":{"rendered":"Publications"},"content":{"rendered":"<p><!--themify_builder_static--><\/p>\n<h1>Brochures and Maps<\/h1>\n<p><a href=\"https:\/\/turismo.santander.es\/sites\/default\/files\/2024-05\/Guia%20biodiversidad.pdf\" target=\"_blank\" rel=\"noopener\"> <img decoding=\"async\" title=\"Guia tur\u00edstica Biodiversidad Norte Litoral de Santander\" src=\"https:\/\/geoparquecostaquebrada.com\/wp-content\/uploads\/2024\/06\/guia-biodiversidad.jpg\" sizes=\"(max-width: 512px) 100vw, 512px\" srcset=\"https:\/\/geoparquecostaquebrada.com\/wp-content\/uploads\/2024\/06\/guia-biodiversidad.jpg 512w, https:\/\/geoparquecostaquebrada.com\/wp-content\/uploads\/2024\/06\/guia-biodiversidad-300x300.jpg 300w, https:\/\/geoparquecostaquebrada.com\/wp-content\/uploads\/2024\/06\/guia-biodiversidad-150x150.jpg 150w, https:\/\/geoparquecostaquebrada.com\/wp-content\/uploads\/2024\/06\/guia-biodiversidad-100x100.jpg 100w, https:\/\/geoparquecostaquebrada.com\/wp-content\/uploads\/2024\/06\/guia-biodiversidad-65x65.jpg 65w\" alt=\"Guia tur\u00edstica Biodiversidad Norte Litoral de Santander\" \/> <\/a><\/p>\n<h2><a href=\"https:\/\/turismo.santander.es\/sites\/default\/files\/2024-05\/Guia%20biodiversidad.pdf\" target=\"_blank\" rel=\"noopener\"> Guia tur\u00edstica Biodiversidad Norte Litoral de Santander <\/a><\/h2>\n<p><a href=\"https:\/\/turismo.santander.es\/sites\/default\/files\/2024-05\/Folleto%20Geodiver_compressed%20%281%29.pdf\" target=\"_blank\" rel=\"noopener\"> <img decoding=\"async\" title=\"Gu\u00eda tur\u00edstica Geodiversidad y patrimonio Norte Litoral de Santander.\" src=\"https:\/\/geoparquecostaquebrada.com\/wp-content\/uploads\/2024\/06\/guia-geodiversidad.jpg\" sizes=\"(max-width: 512px) 100vw, 512px\" srcset=\"https:\/\/geoparquecostaquebrada.com\/wp-content\/uploads\/2024\/06\/guia-geodiversidad.jpg 512w, https:\/\/geoparquecostaquebrada.com\/wp-content\/uploads\/2024\/06\/guia-geodiversidad-300x300.jpg 300w, https:\/\/geoparquecostaquebrada.com\/wp-content\/uploads\/2024\/06\/guia-geodiversidad-150x150.jpg 150w, https:\/\/geoparquecostaquebrada.com\/wp-content\/uploads\/2024\/06\/guia-geodiversidad-100x100.jpg 100w, https:\/\/geoparquecostaquebrada.com\/wp-content\/uploads\/2024\/06\/guia-geodiversidad-65x65.jpg 65w\" alt=\"Gu\u00eda tur\u00edstica Geodiversidad y patrimonio Norte Litoral de Santander.\" \/> <\/a><\/p>\n<h2><a href=\"https:\/\/turismo.santander.es\/sites\/default\/files\/2024-05\/Folleto%20Geodiver_compressed%20%281%29.pdf\" target=\"_blank\" rel=\"noopener\"> Gu\u00eda tur\u00edstica Geodiversidad y patrimonio Norte Litoral de Santander. <\/a><\/h2>\n<p><a href=\"https:\/\/geoparquecostaquebrada.com\/wp-content\/uploads\/2024\/08\/00-itinerario-geol-gico-versi-n-online_.pdf\" target=\"_blank\" rel=\"noopener\"> <img decoding=\"async\" title=\"Altamira y su geolog\u00eda\" src=\"https:\/\/geoparquecostaquebrada.com\/wp-content\/uploads\/2024\/08\/altamira-geologia.png\" sizes=\"(max-width: 512px) 100vw, 512px\" srcset=\"https:\/\/geoparquecostaquebrada.com\/wp-content\/uploads\/2024\/08\/altamira-geologia.png 512w, https:\/\/geoparquecostaquebrada.com\/wp-content\/uploads\/2024\/08\/altamira-geologia-300x300.png 300w, https:\/\/geoparquecostaquebrada.com\/wp-content\/uploads\/2024\/08\/altamira-geologia-150x150.png 150w, https:\/\/geoparquecostaquebrada.com\/wp-content\/uploads\/2024\/08\/altamira-geologia-100x100.png 100w, https:\/\/geoparquecostaquebrada.com\/wp-content\/uploads\/2024\/08\/altamira-geologia-65x65.png 65w\" alt=\"Altamira y su geolog\u00eda\" \/> <\/a><\/p>\n<h2><a href=\"https:\/\/geoparquecostaquebrada.com\/wp-content\/uploads\/2024\/08\/00-itinerario-geol-gico-versi-n-online_.pdf\" target=\"_blank\" rel=\"noopener\"> Altamira y su geolog\u00eda <\/a><\/h2>\n<p><a href=\"http:\/\/www.geoparquecostaquebrada.com\/wp-content\/uploads\/2024\/09\/mapa_Geo.pdf\" target=\"_blank\" rel=\"noopener\"> <img decoding=\"async\" title=\"Mapa Geol\u00f3gico y Geositios\" src=\"https:\/\/geoparquecostaquebrada.com\/wp-content\/uploads\/2024\/08\/mapa-geologico-gesitios.png\" sizes=\"(max-width: 512px) 100vw, 512px\" srcset=\"https:\/\/geoparquecostaquebrada.com\/wp-content\/uploads\/2024\/08\/mapa-geologico-gesitios.png 512w, https:\/\/geoparquecostaquebrada.com\/wp-content\/uploads\/2024\/08\/mapa-geologico-gesitios-300x300.png 300w, https:\/\/geoparquecostaquebrada.com\/wp-content\/uploads\/2024\/08\/mapa-geologico-gesitios-150x150.png 150w, https:\/\/geoparquecostaquebrada.com\/wp-content\/uploads\/2024\/08\/mapa-geologico-gesitios-100x100.png 100w, https:\/\/geoparquecostaquebrada.com\/wp-content\/uploads\/2024\/08\/mapa-geologico-gesitios-65x65.png 65w\" alt=\"Mapa Geol\u00f3gico y Geositios\" \/> <\/a><\/p>\n<h2><a href=\"http:\/\/www.geoparquecostaquebrada.com\/wp-content\/uploads\/2024\/09\/mapa_Geo.pdf\" target=\"_blank\" rel=\"noopener\"> Mapa Geol\u00f3gico y Geositios <\/a><\/h2>\n<p><a href=\"https:\/\/geoparquecostaquebrada.com\/wp-content\/uploads\/2024\/08\/MAPA-PROMOCIONAL-DIGITAL_.pdf\" target=\"_blank\" rel=\"noopener\"> <img decoding=\"async\" title=\"Mapa promocional\" src=\"https:\/\/geoparquecostaquebrada.com\/wp-content\/uploads\/2024\/08\/mapa-promocional.png\" sizes=\"(max-width: 512px) 100vw, 512px\" srcset=\"https:\/\/geoparquecostaquebrada.com\/wp-content\/uploads\/2024\/08\/mapa-promocional.png 512w, https:\/\/geoparquecostaquebrada.com\/wp-content\/uploads\/2024\/08\/mapa-promocional-300x300.png 300w, https:\/\/geoparquecostaquebrada.com\/wp-content\/uploads\/2024\/08\/mapa-promocional-150x150.png 150w, https:\/\/geoparquecostaquebrada.com\/wp-content\/uploads\/2024\/08\/mapa-promocional-100x100.png 100w, https:\/\/geoparquecostaquebrada.com\/wp-content\/uploads\/2024\/08\/mapa-promocional-65x65.png 65w\" alt=\"Mapa promocional\" \/> <\/a><\/p>\n<h2><a href=\"https:\/\/geoparquecostaquebrada.com\/wp-content\/uploads\/2024\/08\/MAPA-PROMOCIONAL-DIGITAL_.pdf\" target=\"_blank\" rel=\"noopener\"> Mapa promocional <\/a><\/h2>\n<p><a href=\"http:\/\/www.geoparquecostaquebrada.com\/wp-content\/uploads\/2024\/09\/MAPA-GEOLOGICO.-Lugares-de-interes-geologico.pdf\" target=\"_blank\" rel=\"noopener\"> <img loading=\"lazy\" decoding=\"async\" title=\"lugares de inter\u00e9s geol\u00f3gico\" src=\"http:\/\/www.geoparquecostaquebrada.com\/wp-content\/uploads\/2024\/09\/mapa-interes-geologico.jpg\" alt=\"lugares de inter\u00e9s geol\u00f3gico\" width=\"512\" height=\"512\" \/> <\/a><\/p>\n<h2><a href=\"http:\/\/www.geoparquecostaquebrada.com\/wp-content\/uploads\/2024\/09\/MAPA-GEOLOGICO.-Lugares-de-interes-geologico.pdf\" target=\"_blank\" rel=\"noopener\"> lugares de inter\u00e9s geol\u00f3gico <\/a><\/h2>\n<p><!--\/themify_builder_static--><\/p>\n","protected":false},"excerpt":{"rendered":"<p>Brochures and Maps Guia tur\u00edstica Biodiversidad Norte Litoral de Santander Gu\u00eda tur\u00edstica Geodiversidad y patrimonio Norte Litoral de Santander. Altamira y su geolog\u00eda Mapa Geol\u00f3gico y Geositios Mapa promocional lugares&#8230;<\/p>\n","protected":false},"author":1,"featured_media":0,"parent":3850,"menu_order":0,"comment_status":"closed","ping_status":"closed","template":"","meta":{"footnotes":""},"class_list":["post-4300","page","type-page","status-publish"],"_links":{"self":[{"href":"https:\/\/geoparquecostaquebrada.com\/en\/wp-json\/wp\/v2\/pages\/4300","targetHints":{"allow":["GET"]}}],"collection":[{"href":"https:\/\/geoparquecostaquebrada.com\/en\/wp-json\/wp\/v2\/pages"}],"about":[{"href":"https:\/\/geoparquecostaquebrada.com\/en\/wp-json\/wp\/v2\/types\/page"}],"author":[{"embeddable":true,"href":"https:\/\/geoparquecostaquebrada.com\/en\/wp-json\/wp\/v2\/users\/1"}],"replies":[{"embeddable":true,"href":"https:\/\/geoparquecostaquebrada.com\/en\/wp-json\/wp\/v2\/comments?post=4300"}],"version-history":[{"count":0,"href":"https:\/\/geoparquecostaquebrada.com\/en\/wp-json\/wp\/v2\/pages\/4300\/revisions"}],"up":[{"embeddable":true,"href":"https:\/\/geoparquecostaquebrada.com\/en\/wp-json\/wp\/v2\/pages\/3850"}],"wp:attachment":[{"href":"https:\/\/geoparquecostaquebrada.com\/en\/wp-json\/wp\/v2\/media?parent=4300"}],"curies":[{"name":"wp","href":"https:\/\/api.w.org\/{rel}","templated":true}]}}